{"id":2,"date":"2015-10-08T10:58:39","date_gmt":"2015-10-08T08:58:39","guid":{"rendered":"http:\/\/192.168.1.182\/?page_id=2"},"modified":"2026-03-24T12:37:54","modified_gmt":"2026-03-24T11:37:54","slug":"beispiel-seite","status":"publish","type":"page","link":"https:\/\/www.erwinia.de\/","title":{"rendered":"Wer sind wir?"},"content":{"rendered":"<figure id=\"attachment_5342\" aria-describedby=\"caption-attachment-5342\" style=\"width: 246px\" class=\"wp-caption aligncenter aligcenter\"><a href=\"https:\/\/www.erwinia.de\/wp-content\/uploads\/2026\/03\/wappen.jpg\"><img loading=\"lazy\" decoding=\"async\" class=\"wp-image-5342 size-medium\" src=\"https:\/\/www.erwinia.de\/wp-content\/uploads\/2026\/03\/wappen-246x300.jpg\" alt=\"\" width=\"246\" height=\"300\" srcset=\"https:\/\/www.erwinia.de\/wp-content\/uploads\/2026\/03\/wappen-246x300.jpg 246w, https:\/\/www.erwinia.de\/wp-content\/uploads\/2026\/03\/wappen.jpg 675w\" sizes=\"auto, (max-width: 246px) 100vw, 246px\" \/><\/a><figcaption id=\"caption-attachment-5342\" class=\"wp-caption-text\">Wappen der K.St.V. Erwinia<\/figcaption><\/figure>\n<h4>Was ist die Erwinia?<\/h4>\n<p class=\"bodytext\">Eine katholische Studentenverbindung im <a href=\"http:\/\/www.kartellverband.de\/\" target=\"_blank\" rel=\"noopener\">Kartellverband<\/a> katholischer deutscher Studentenvereine. Wir sind nichtschlagend und nichtfarbentragend.<\/p>\n<h4>Wer also sind die Erwinen?<\/h4>\n<p class=\"align-justify\">Eine Gemeinschaft von Studenten, die sich so gut verstehen und soviel gemeinsam haben, dass sie das, was du hier in unserem Programm findest, zusammen unternehmen und erleben wollen, und das nicht nur ihr Studium \u00fcber, sondern auch dar\u00fcber hinaus. Durch den Kontakt zu anderen Vereinen unseres Verbandes sehen wir auch \u00fcber den Tellerrand der M\u00fcnchener Uni hinaus. Die studentischen Traditionen pflegen wir, aber nicht als Selbstzweck. Wir halten weder etwas von Fechtsport als Mannesbeweis noch von farblicher Uniformit\u00e4t. Unsere Gemeinschaft haben wir auf menschlichen Kontakt und unsere Prinzipien aufgebaut:<\/p>\n<h4>Unsere Religion ist uns&#8230;<\/h4>\n<p class=\"align-justify\">keine institutionalisierte Engstirnigkeit, sondern unser Glaube an Gott ist eine lebendige \u00dcberzeugung. Wir versuchen ihn im Miteinander umzusetzen, damit er unsere Gemeinschaft tr\u00e4gt.<\/p>\n<h4>Akademiker, die sich&#8230;<\/h4>\n<p class=\"align-justify\">nur f\u00fcr ihre Wissenschaft interessieren, sind bei uns falsch. Wir sind \u00fcberzeugt, dass jeder gute Wissenschaftler sich auch mit Vertretern anderer F\u00e4cher austauschen soll. Das tun wir prinzipiell und bei uns bietet sich auch die M\u00f6glichkeit dazu.<\/p>\n<h4>Freunde f\u00fcrs Leben&#8230;<\/h4>\n<p class=\"align-justify\">kann jeder bei uns finden, der bereit ist auch mal seine Ellenbogen einzuziehen. Unser Zusammenhalt lebt von den individuellen F\u00e4higkeiten und Schw\u00e4chen jedes Einzelnen, Egoismus ist bei uns fehl am Platz.<\/p>\n<h4>Generationenkonflikt?<\/h4>\n<p class=\"align-justify\">Alt und Jung werden immer streiten, aber wir tun es mit Respekt voreinander und ohne Zynismus. Alte und Junge k\u00f6nnen viel voneinander lernen, treffen aber selten so freundschaftlich verbunden zusammen wie bei uns.<\/p>\n","protected":false},"excerpt":{"rendered":"<p>Was ist die Erwinia? Eine katholische Studentenverbindung im Kartellverband katholischer deutscher Studentenvereine. Wir sind nichtschlagend und nichtfarbentragend. Wer also sind die Erwinen? Eine Gemeinschaft von Studenten, die sich so gut verstehen und soviel gemeinsam haben, dass sie das, was du hier in unserem Programm findest, zusammen unternehmen und erleben wollen, und das nicht nur ihr &hellip; <a href=\"https:\/\/www.erwinia.de\/\" class=\"more-link\"><span class=\"screen-reader-text\">Wer sind wir?<\/span> weiterlesen <span class=\"meta-nav\">&rarr;<\/span><\/a><\/p>\n","protected":false},"author":1,"featured_media":0,"parent":0,"menu_order":0,"comment_status":"closed","ping_status":"open","template":"","meta":{"footnotes":""},"class_list":["post-2","page","type-page","status-publish","hentry"],"_links":{"self":[{"href":"https:\/\/www.erwinia.de\/index.php\/wp-json\/wp\/v2\/pages\/2","targetHints":{"allow":["GET"]}}],"collection":[{"href":"https:\/\/www.erwinia.de\/index.php\/wp-json\/wp\/v2\/pages"}],"about":[{"href":"https:\/\/www.erwinia.de\/index.php\/wp-json\/wp\/v2\/types\/page"}],"author":[{"embeddable":true,"href":"https:\/\/www.erwinia.de\/index.php\/wp-json\/wp\/v2\/users\/1"}],"replies":[{"embeddable":true,"href":"https:\/\/www.erwinia.de\/index.php\/wp-json\/wp\/v2\/comments?post=2"}],"version-history":[{"count":14,"href":"https:\/\/www.erwinia.de\/index.php\/wp-json\/wp\/v2\/pages\/2\/revisions"}],"predecessor-version":[{"id":5344,"href":"https:\/\/www.erwinia.de\/index.php\/wp-json\/wp\/v2\/pages\/2\/revisions\/5344"}],"wp:attachment":[{"href":"https:\/\/www.erwinia.de\/index.php\/wp-json\/wp\/v2\/media?parent=2"}],"curies":[{"name":"wp","href":"https:\/\/api.w.org\/{rel}","templated":true}]}}